{"id":30,"date":"2023-04-24T20:29:47","date_gmt":"2023-04-24T18:29:47","guid":{"rendered":"https:\/\/www.xn--tvrtzlingen-n8a.de\/WordPress\/?page_id=30"},"modified":"2023-06-07T16:06:55","modified_gmt":"2023-06-07T14:06:55","slug":"power-dance","status":"publish","type":"page","link":"https:\/\/www.xn--tvrtzlingen-n8a.de\/WordPress\/power-dance\/","title":{"rendered":"Power-Dance"},"content":{"rendered":"\n<div class=\"wp-block-columns is-layout-flex wp-container-core-columns-is-layout-9d6595d7 wp-block-columns-is-layout-flex\">\n<div class=\"wp-block-column is-layout-flow wp-block-column-is-layout-flow\">\n<p>Im Mai 2004 wurde die Power-Dance-Gruppe als weitere Sparte des TV R\u00e4tzlingen unter der Leitung von Christine M\u00fcller ins Leben gerufen. Frauen im Alter von 20 bis \u00fcber 50 Jahren aus R\u00e4tzlingen und Umgebung treffen sich seitdem regelm\u00e4\u00dfig am Montag von 19:00 &#8211; 20:00 Uhr in der ortseigenen Sporthalle am R\u00e4tzlinger Fu\u00dfballplatz. Bereits nach kurzer Zeit war das Interesse so gro\u00df, dass eine zweite \u00dcbungsstunde am Donnerstag von 18:30 &#8211; 19:30 Uhr eingerichtet wurde.<\/p>\n<\/div>\n<\/div>\n\n\n\n<figure class=\"wp-block-image size-full\"><img loading=\"lazy\" decoding=\"async\" width=\"638\" height=\"479\" src=\"https:\/\/www.xn--tvrtzlingen-n8a.de\/WordPress\/wp-content\/uploads\/2023\/04\/Power_Dance_1.jpg\" alt=\"\" class=\"wp-image-31\" srcset=\"https:\/\/www.xn--tvrtzlingen-n8a.de\/WordPress\/wp-content\/uploads\/2023\/04\/Power_Dance_1.jpg 638w, https:\/\/www.xn--tvrtzlingen-n8a.de\/WordPress\/wp-content\/uploads\/2023\/04\/Power_Dance_1-300x225.jpg 300w\" sizes=\"auto, (max-width: 638px) 100vw, 638px\" \/><\/figure>\n\n\n\n<p>Auf dem abwechslungsreichen Sportprogramm stehen alle denkbaren Sportarten nach Musik wie Aerobic, Step-Aerobic und Zumba, sowie Gymnastik f\u00fcr Bauch, Beine, Po und Arme und Zirkeltraining. Au\u00dferhalb der Turnhalle treffen sich die Frauen z.Bsp. in den Sommerferien, wenn die Halle f\u00fcr den Sportbetrieb geschlossen ist, zu Fahrradtouren rund um R\u00e4tzlingen oder besuchen in der Vorweihnachtszeit gern mal einen gr\u00f6\u00dferen Weihnachtsmarkt. H\u00f6hepunkt der gemeinsamen Aktivit\u00e4ten war 2009 die Fahrt in 2 Kleinbussen nach Freiburg an der Unstrut zu einer Besichtigung der Rotk\u00e4ppchen-Sektkellerei.<\/p>\n\n\n\n<figure class=\"wp-block-image size-full\"><img loading=\"lazy\" decoding=\"async\" width=\"668\" height=\"502\" src=\"https:\/\/www.xn--tvrtzlingen-n8a.de\/WordPress\/wp-content\/uploads\/2023\/04\/Power_Dance_2.jpg\" alt=\"\" class=\"wp-image-32\" srcset=\"https:\/\/www.xn--tvrtzlingen-n8a.de\/WordPress\/wp-content\/uploads\/2023\/04\/Power_Dance_2.jpg 668w, https:\/\/www.xn--tvrtzlingen-n8a.de\/WordPress\/wp-content\/uploads\/2023\/04\/Power_Dance_2-300x225.jpg 300w\" sizes=\"auto, (max-width: 668px) 100vw, 668px\" \/><\/figure>\n\n\n\n<p>Die Power-Dance-Gruppe ist seit vielen Jahren eine gro\u00dfe Unterst\u00fctzung und Bereicherung f\u00fcr den TV R\u00e4tzlingen und die Dorfgemeinschaft.<br>Seit ihrer Gr\u00fcndung hat die Gruppe jedes Dorffest in R\u00e4tzlingen aktiv mitgestaltet &#8211; sei es durch Auftritte nach eigenen Choreographien, durch kleine Showeinlagen, durch Unterst\u00fctzung des Kaffeegartens oder die Organisation einer Cocktailbar.<\/p>\n","protected":false},"excerpt":{"rendered":"<p>Im Mai 2004 wurde die Power-Dance-Gruppe als weitere Sparte des TV R\u00e4tzlingen unter der Leitung von Christine M\u00fcller ins Leben gerufen. Frauen im Alter von 20 bis \u00fcber 50 Jahren aus R\u00e4tzlingen und Umgebung treffen sich seitdem regelm\u00e4\u00dfig am Montag &hellip; <a href=\"https:\/\/www.xn--tvrtzlingen-n8a.de\/WordPress\/power-dance\/\">Weiterlesen <span class=\"meta-nav\">&rarr;<\/span><\/a><\/p>\n","protected":false},"author":1,"featured_media":0,"parent":0,"menu_order":0,"comment_status":"closed","ping_status":"closed","template":"onecolumn-page.php","meta":{"footnotes":""},"class_list":["post-30","page","type-page","status-publish","hentry"],"_links":{"self":[{"href":"https:\/\/www.xn--tvrtzlingen-n8a.de\/WordPress\/wp-json\/wp\/v2\/pages\/30","targetHints":{"allow":["GET"]}}],"collection":[{"href":"https:\/\/www.xn--tvrtzlingen-n8a.de\/WordPress\/wp-json\/wp\/v2\/pages"}],"about":[{"href":"https:\/\/www.xn--tvrtzlingen-n8a.de\/WordPress\/wp-json\/wp\/v2\/types\/page"}],"author":[{"embeddable":true,"href":"https:\/\/www.xn--tvrtzlingen-n8a.de\/WordPress\/wp-json\/wp\/v2\/users\/1"}],"replies":[{"embeddable":true,"href":"https:\/\/www.xn--tvrtzlingen-n8a.de\/WordPress\/wp-json\/wp\/v2\/comments?post=30"}],"version-history":[{"count":6,"href":"https:\/\/www.xn--tvrtzlingen-n8a.de\/WordPress\/wp-json\/wp\/v2\/pages\/30\/revisions"}],"predecessor-version":[{"id":130,"href":"https:\/\/www.xn--tvrtzlingen-n8a.de\/WordPress\/wp-json\/wp\/v2\/pages\/30\/revisions\/130"}],"wp:attachment":[{"href":"https:\/\/www.xn--tvrtzlingen-n8a.de\/WordPress\/wp-json\/wp\/v2\/media?parent=30"}],"curies":[{"name":"wp","href":"https:\/\/api.w.org\/{rel}","templated":true}]}}